{"id":5,"date":"2014-02-11T21:36:16","date_gmt":"2014-02-11T21:36:16","guid":{"rendered":"http:\/\/www.xescavidal.com\/blog\/?page_id=5"},"modified":"2021-03-03T16:04:53","modified_gmt":"2021-03-03T16:04:53","slug":"cursos","status":"publish","type":"page","link":"http:\/\/www.xescavidal.com\/blog\/cursos\/","title":{"rendered":"Cursos"},"content":{"rendered":"\t\t<div data-elementor-type=\"wp-page\" data-elementor-id=\"5\" class=\"elementor elementor-5\">\n\t\t\t\t\t\t\t\t\t<section class=\"elementor-section elementor-top-section elementor-element elementor-element-e6cb9c2 elementor-section-boxed elementor-section-height-default elementor-section-height-default\" data-id=\"e6cb9c2\" data-element_type=\"section\" data-settings=\"{&quot;jet_parallax_layout_list&quot;:[{&quot;jet_parallax_layout_image&quot;:{&quot;url&quot;:&quot;&quot;,&quot;id&quot;:&quot;&quot;},&quot;_id&quot;:&quot;825776e&quot;,&quot;jet_parallax_layout_image_tablet&quot;:{&quot;url&quot;:&quot;&quot;,&quot;id&quot;:&quot;&quot;},&quot;jet_parallax_layout_image_mobile&quot;:{&quot;url&quot;:&quot;&quot;,&quot;id&quot;:&quot;&quot;},&quot;jet_parallax_layout_speed&quot;:{&quot;unit&quot;:&quot;%&quot;,&quot;size&quot;:50,&quot;sizes&quot;:[]},&quot;jet_parallax_layout_type&quot;:&quot;scroll&quot;,&quot;jet_parallax_layout_direction&quot;:null,&quot;jet_parallax_layout_fx_direction&quot;:null,&quot;jet_parallax_layout_z_index&quot;:&quot;&quot;,&quot;jet_parallax_layout_bg_x&quot;:50,&quot;jet_parallax_layout_bg_x_tablet&quot;:&quot;&quot;,&quot;jet_parallax_layout_bg_x_mobile&quot;:&quot;&quot;,&quot;jet_parallax_layout_bg_y&quot;:50,&quot;jet_parallax_layout_bg_y_tablet&quot;:&quot;&quot;,&quot;jet_parallax_layout_bg_y_mobile&quot;:&quot;&quot;,&quot;jet_parallax_layout_bg_size&quot;:&quot;auto&quot;,&quot;jet_parallax_layout_bg_size_tablet&quot;:&quot;&quot;,&quot;jet_parallax_layout_bg_size_mobile&quot;:&quot;&quot;,&quot;jet_parallax_layout_animation_prop&quot;:&quot;transform&quot;,&quot;jet_parallax_layout_on&quot;:[&quot;desktop&quot;,&quot;tablet&quot;]}]}\">\n\t\t\t\t\t\t<div class=\"elementor-container elementor-column-gap-no\">\n\t\t\t\t\t<div class=\"elementor-column elementor-col-50 elementor-top-column elementor-element elementor-element-67617d3a\" data-id=\"67617d3a\" data-element_type=\"column\">\n\t\t\t<div class=\"elementor-widget-wrap elementor-element-populated\">\n\t\t\t\t\t\t\t\t<div class=\"elementor-element elementor-element-dc8d8ef elementor-widget elementor-widget-image\" data-id=\"dc8d8ef\" data-element_type=\"widget\" data-widget_type=\"image.default\">\n\t\t\t\t<div class=\"elementor-widget-container\">\n\t\t\t\t\t\t\t\t\t\t\t\t\t\t\t<img decoding=\"async\" width=\"800\" height=\"613\" src=\"http:\/\/www.xescavidal.com\/blog\/wp-content\/uploads\/Hablar-en-p\u00fablico-.jpg\" class=\"attachment-large size-large wp-image-221\" alt=\"\" loading=\"lazy\" srcset=\"http:\/\/www.xescavidal.com\/blog\/wp-content\/uploads\/Hablar-en-p\u00fablico-.jpg 800w, http:\/\/www.xescavidal.com\/blog\/wp-content\/uploads\/Hablar-en-p\u00fablico--300x229.jpg 300w\" sizes=\"(max-width: 800px) 100vw, 800px\" \/>\t\t\t\t\t\t\t\t\t\t\t\t\t\t\t<\/div>\n\t\t\t\t<\/div>\n\t\t\t\t\t<\/div>\n\t\t<\/div>\n\t\t\t\t<div class=\"elementor-column elementor-col-50 elementor-top-column elementor-element elementor-element-a010405\" data-id=\"a010405\" data-element_type=\"column\">\n\t\t\t<div class=\"elementor-widget-wrap elementor-element-populated\">\n\t\t\t\t\t\t\t\t<div class=\"elementor-element elementor-element-0748443 elementor-widget elementor-widget-text-editor\" data-id=\"0748443\" data-element_type=\"widget\" data-widget_type=\"text-editor.default\">\n\t\t\t\t<div class=\"elementor-widget-container\">\n\t\t\t\t\t\t\t<p>\u00a0<\/p><p><span style=\"color: #c00000;\"><span style=\"font-size: medium;\"><b>TEMA<\/b><\/span><\/span><\/p><p><span style=\"color: #c00000;\"> <span style=\"color: #595959;\">Entrenamiento para mejorar la comunicaci\u00f3n p\u00fablica, personal y profesional (\u00fatil para: reuniones, negociaciones, clientes, entrevistas, presentaciones, ponencias, ferias, medios de comunicaci\u00f3n)<\/span><\/span><\/p><p><span style=\"color: #c00000;\"><span style=\"font-size: medium;\"><b>OBJETIVO<\/b><\/span><\/span><br \/><span style=\"color: #595959;\">Aprendizaje de las t\u00e9cnicas de comunicaci\u00f3n verbal, no verbal, para-verbal (usos de la voz) y disminuci\u00f3n de ansiedad<\/span><\/p><p><span style=\"color: #c00000;\"><span style=\"font-size: medium;\"><b>TRAINER<\/b><\/span><\/span><br \/><span style=\"color: #595959;\">Xesca Vidal. Doctora en Ciencias de la Informaci\u00f3n, Psic\u00f3loga y experta en Comunicaci\u00f3n P\u00fablica<\/span><\/p><p><span style=\"color: #c00000;\"><span style=\"font-size: medium;\"><b>DURACI\u00d3N<\/b><\/span><\/span><\/p><p>2 sesiones intensivas de 4 horas cada una<\/p><p><b style=\"font-size: medium; color: #c00000;\">ORGANIZACI\u00d3N<\/b><\/p><p><span style=\"color: #595959;\">Los cursos se organizan de forma individual, en grupos reducidos (m\u00e1ximo de 12 personas) o en grupos m\u00e1s amplios, en este caso si la solicitud procede de una empresa, instituci\u00f3n u otra entidad<\/span><\/p><p>El entrenamiento es personalizado y se ense\u00f1an las t\u00e9cnicas aplicadas a la comunicaci\u00f3n previa de cada persona inscrita<\/p><p>Con posterioridad al curso realizado, si se desean ejercitar entrenamientos por horas, se organiza de forma adecuada a las necesidades de la persona solicitante<\/p><p><b style=\"font-size: medium; color: #c00000;\">20 d\u00edas son suficientes para cambiar sus \u00a0h\u00e1bitos de comunicaci\u00f3n y mejorarlos para toda la vida<\/b><\/p><p style=\"text-align: left;\"><span style=\"color: #595959;\">El aprendizaje de nuevas t\u00e9cnicas comunicativas es r\u00e1pido y ameno. Son t\u00e9cnicas muy sencillas, f\u00e1ciles de recordar y aplicar.<br \/>Ahora bien, desde el primer momento debe saber que el \u00e9xito del aprendizaje no est\u00e1 solo en la adquisici\u00f3n del conocimiento de esas t\u00e9cnicas. El resultado, exitoso o no, depender\u00e1 de la capacidad de cada persona de convertir en h\u00e1bito las t\u00e9cnicas de comunicaci\u00f3n reci\u00e9n aprendidas. Est\u00e1 demostrado que veinte d\u00edas son suficientes para modificar un h\u00e1bito de comunicaci\u00f3n incorrecto, si se tienen las \u201cherramientas\u201d necesarias para sustituirlo por uno nuevo.<br \/>Si quiere mejorar su comunicaci\u00f3n verbal y su comunicaci\u00f3n global al hablar ante diferentes p\u00fablicos s\u00f3lo necesitar\u00e1:<br \/>&#8211; 8 horas de trabajo intensivo, con un experto profesional<br \/>&#8211; Y 20 d\u00edas, a todas horas, aplicando lo aprendido en su \u00e1mbito personal y en su \u00e1mbito profesional, de forma aut\u00f3noma, con rigor y esfuerzo. Ese aprendizaje le acompa\u00f1ar\u00e1 toda su vida. No hay marcha atr\u00e1s.<\/span><\/p><p><span style=\"color: #595959;\"><span style=\"font-size: medium;\"><b>EL RESULTADO FINAL \u201cEST\u00c1 EN SUS MANOS\u201d<\/b><\/span><\/span><\/p>\t\t\t\t\t\t<\/div>\n\t\t\t\t<\/div>\n\t\t\t\t\t<\/div>\n\t\t<\/div>\n\t\t\t\t\t\t\t<\/div>\n\t\t<\/section>\n\t\t\t\t\t\t\t<\/div>\n\t\t","protected":false},"excerpt":{"rendered":"<p>\u00a0 TEMA Entrenamiento para mejorar la comunicaci\u00f3n p\u00fablica, personal y profesional (\u00fatil para: reuniones, negociaciones, clientes, entrevistas, presentaciones, ponencias, ferias, medios de comunicaci\u00f3n) OBJETIVOAprendizaje de las t\u00e9cnicas de comunicaci\u00f3n verbal, no verbal, para-verbal (usos de la voz) y disminuci\u00f3n de ansiedad TRAINERXesca Vidal. Doctora en Ciencias de la Informaci\u00f3n, Psic\u00f3loga y experta en Comunicaci\u00f3n P\u00fablica [&hellip;]<\/p>\n","protected":false},"author":1,"featured_media":0,"parent":0,"menu_order":0,"comment_status":"open","ping_status":"open","template":"","meta":[],"aioseo_notices":[],"_links":{"self":[{"href":"http:\/\/www.xescavidal.com\/blog\/wp-json\/wp\/v2\/pages\/5"}],"collection":[{"href":"http:\/\/www.xescavidal.com\/blog\/wp-json\/wp\/v2\/pages"}],"about":[{"href":"http:\/\/www.xescavidal.com\/blog\/wp-json\/wp\/v2\/types\/page"}],"author":[{"embeddable":true,"href":"http:\/\/www.xescavidal.com\/blog\/wp-json\/wp\/v2\/users\/1"}],"replies":[{"embeddable":true,"href":"http:\/\/www.xescavidal.com\/blog\/wp-json\/wp\/v2\/comments?post=5"}],"version-history":[{"count":61,"href":"http:\/\/www.xescavidal.com\/blog\/wp-json\/wp\/v2\/pages\/5\/revisions"}],"predecessor-version":[{"id":571,"href":"http:\/\/www.xescavidal.com\/blog\/wp-json\/wp\/v2\/pages\/5\/revisions\/571"}],"wp:attachment":[{"href":"http:\/\/www.xescavidal.com\/blog\/wp-json\/wp\/v2\/media?parent=5"}],"curies":[{"name":"wp","href":"https:\/\/api.w.org\/{rel}","templated":true}]}}