{"id":58,"date":"2014-02-13T18:05:01","date_gmt":"2014-02-13T18:05:01","guid":{"rendered":"http:\/\/www.xescavidal.com\/blog\/?page_id=58"},"modified":"2021-11-13T16:39:07","modified_gmt":"2021-11-13T16:39:07","slug":"cuando-donde","status":"publish","type":"page","link":"http:\/\/www.xescavidal.com\/blog\/cuando-donde\/","title":{"rendered":"Cu\u00e1ndo &#038; D\u00f3nde"},"content":{"rendered":"\t\t<div data-elementor-type=\"wp-page\" data-elementor-id=\"58\" class=\"elementor elementor-58\">\n\t\t\t\t\t\t\t\t\t<section class=\"elementor-section elementor-top-section elementor-element elementor-element-3e8606ff elementor-section-boxed elementor-section-height-default elementor-section-height-default\" data-id=\"3e8606ff\" data-element_type=\"section\" data-settings=\"{&quot;jet_parallax_layout_list&quot;:[{&quot;jet_parallax_layout_image&quot;:{&quot;url&quot;:&quot;&quot;,&quot;id&quot;:&quot;&quot;},&quot;_id&quot;:&quot;ee8b220&quot;,&quot;jet_parallax_layout_image_tablet&quot;:{&quot;url&quot;:&quot;&quot;,&quot;id&quot;:&quot;&quot;},&quot;jet_parallax_layout_image_mobile&quot;:{&quot;url&quot;:&quot;&quot;,&quot;id&quot;:&quot;&quot;},&quot;jet_parallax_layout_speed&quot;:{&quot;unit&quot;:&quot;%&quot;,&quot;size&quot;:50,&quot;sizes&quot;:[]},&quot;jet_parallax_layout_type&quot;:&quot;scroll&quot;,&quot;jet_parallax_layout_direction&quot;:null,&quot;jet_parallax_layout_fx_direction&quot;:null,&quot;jet_parallax_layout_z_index&quot;:&quot;&quot;,&quot;jet_parallax_layout_bg_x&quot;:50,&quot;jet_parallax_layout_bg_x_tablet&quot;:&quot;&quot;,&quot;jet_parallax_layout_bg_x_mobile&quot;:&quot;&quot;,&quot;jet_parallax_layout_bg_y&quot;:50,&quot;jet_parallax_layout_bg_y_tablet&quot;:&quot;&quot;,&quot;jet_parallax_layout_bg_y_mobile&quot;:&quot;&quot;,&quot;jet_parallax_layout_bg_size&quot;:&quot;auto&quot;,&quot;jet_parallax_layout_bg_size_tablet&quot;:&quot;&quot;,&quot;jet_parallax_layout_bg_size_mobile&quot;:&quot;&quot;,&quot;jet_parallax_layout_animation_prop&quot;:&quot;transform&quot;,&quot;jet_parallax_layout_on&quot;:[&quot;desktop&quot;,&quot;tablet&quot;]}]}\">\n\t\t\t\t\t\t<div class=\"elementor-container elementor-column-gap-default\">\n\t\t\t\t\t<div class=\"elementor-column elementor-col-50 elementor-top-column elementor-element elementor-element-7ca778e5\" data-id=\"7ca778e5\" data-element_type=\"column\">\n\t\t\t<div class=\"elementor-widget-wrap elementor-element-populated\">\n\t\t\t\t\t\t\t\t<div class=\"elementor-element elementor-element-ca68184 elementor-widget elementor-widget-image\" data-id=\"ca68184\" data-element_type=\"widget\" data-widget_type=\"image.default\">\n\t\t\t\t<div class=\"elementor-widget-container\">\n\t\t\t\t\t\t\t\t\t\t\t\t\t\t\t<img decoding=\"async\" width=\"448\" height=\"320\" src=\"http:\/\/www.xescavidal.com\/blog\/wp-content\/uploads\/Captura-de-pantalla-2019-01-29-a-las-13.42.55.png\" class=\"attachment-large size-large wp-image-422\" alt=\"\" loading=\"lazy\" srcset=\"http:\/\/www.xescavidal.com\/blog\/wp-content\/uploads\/Captura-de-pantalla-2019-01-29-a-las-13.42.55.png 448w, http:\/\/www.xescavidal.com\/blog\/wp-content\/uploads\/Captura-de-pantalla-2019-01-29-a-las-13.42.55-300x214.png 300w\" sizes=\"(max-width: 448px) 100vw, 448px\" \/>\t\t\t\t\t\t\t\t\t\t\t\t\t\t\t<\/div>\n\t\t\t\t<\/div>\n\t\t\t\t\t<\/div>\n\t\t<\/div>\n\t\t\t\t<div class=\"elementor-column elementor-col-50 elementor-top-column elementor-element elementor-element-435f92c\" data-id=\"435f92c\" data-element_type=\"column\">\n\t\t\t<div class=\"elementor-widget-wrap elementor-element-populated\">\n\t\t\t\t\t\t\t\t<div class=\"elementor-element elementor-element-ac601c8 elementor-widget elementor-widget-text-editor\" data-id=\"ac601c8\" data-element_type=\"widget\" data-widget_type=\"text-editor.default\">\n\t\t\t\t<div class=\"elementor-widget-container\">\n\t\t\t\t\t\t\t<p style=\"text-align: left;\"><span style=\"font-family: georgia, palatino, serif;\">&nbsp;<span style=\"font-size: x-large;\">CURSOS NOVIEMBRE 2021<\/span><\/span><\/p>\n<p><span style=\"font-size: x-large; font-family: georgia, palatino, serif;\"> INDIVIDUALES y GRUPALES&nbsp;<\/span><\/p>\n<p><span style=\"font-family: georgia, palatino, serif;\"><strong>CU\u00c1NDO SE REALIZAN LOS CURSOS<\/strong><\/span><\/p>\n<p><span style=\"color: #808080; font-family: georgia, palatino, serif; white-space: pre-wrap; font-size: 12pt;\">D\u00edas 3 y 4, mi\u00e9rcoles y jueves. De 16 a 20 h. <span style=\"color: #993300;\">COMPLETO<\/span><\/span><\/p>\n<p><span style=\"color: #808080; font-family: georgia, palatino, serif; white-space: pre-wrap; font-size: 12pt;\">D\u00edas 9 y 10, martes y mi\u00e9rcoles. <span style=\"color: #993300;\">COMPLETO<\/span><\/span><\/p>\n<p><span style=\"color: #808080; font-family: georgia, palatino, serif; white-space: pre-wrap; font-size: 12pt;\">D\u00edas 11 y 12, jueves y viernes. De 16 a 20 h. <span style=\"color: #993300;\">COMPLETO<\/span><\/span><\/p>\n<p><span style=\"color: #808080; font-family: georgia, palatino, serif; white-space: pre-wrap; font-size: 12pt;\">D\u00edas 17 y 19, mi\u00e9rcoles y viernes. De 16 a 20 h. <span style=\"color: #993300;\">COMPLETO<\/span><\/span><\/p>\n<p><span style=\"color: #808080; font-family: georgia, palatino, serif; white-space: pre-wrap; font-size: 12pt;\">D\u00cdAS 22 Y 23, lunes y martes. De 16 a 20 h. <span style=\"color: #339966;\">QUEDAN PLAZAS<\/span><\/span><\/p>\n<h6><span style=\"color: #808080; font-family: georgia, palatino, serif; white-space: pre-wrap; font-size: 12pt;\">D\u00edas 25 y 26, jueves y viernes. 10 a 14 h. <span style=\"color: #339966;\">QUEDAN PLAZAS<\/span><\/span><\/h6>\n<p><span style=\"font-family: georgia, palatino, serif;\"><strong>Individuales&nbsp;<\/strong><\/span><\/p>\n<p><span style=\"font-family: georgia, palatino, serif;\">Cualquier d\u00eda de la semana (s\u00e1bados y domingo con recargo del 30%). Se imparten en Mallorca todo el a\u00f1o y en diferentes ciudades espa\u00f1olas bajo demanda.<\/span><\/p>\n<p><span style=\"font-family: georgia, palatino, serif;\">Tiene una duraci\u00f3n de 8 horas, repartidas en dos sesiones de 4 horas cada una<\/span><\/p>\n<p><span style=\"font-family: georgia, palatino, serif;\">Los horarios a elegir son: de 10:00 a 14:00 o de &nbsp;16:00 a 20:00 h. (posibilidades de adaptaci\u00f3n de horarios)<\/span><\/p>\n<p><span style=\"font-family: georgia, palatino, serif;\">La persona inscrita&nbsp;deber\u00e1 solicitar las fechas deseadas.&nbsp;Sus necesidades se ajustar\u00e1n con la agenda de la instructora del curso<\/span><\/p>\n<p><span style=\"font-family: georgia, palatino, serif;\"><strong>Grupales reducidos.&nbsp;<\/strong><\/span><\/p>\n<p><span style=\"font-family: georgia, palatino, serif;\">Se informa de las fechas peri\u00f3dicamente.<\/span><\/p>\n<p><span style=\"font-family: georgia, palatino, serif;\"><strong>Grupales m\u00e1s amplios para empresas o instituciones (bajo demanda de la entidad solicitante)<\/strong><\/span><\/p>\n<p><span style=\"font-family: georgia, palatino, serif;\">Los organiza la empresa, instituci\u00f3n o entidad solicitante<\/span><\/p>\n<p><span style=\"font-family: georgia, palatino, serif;\">Decide d\u00edas y horarios<\/span><\/p>\n<p><span style=\"font-family: georgia, palatino, serif;\">Adem\u00e1s de las t\u00e9cnicas de comunicaci\u00f3n oral pueden solicitar que se incluyan en el curso t\u00e9cnicas de diferentes \u00e1reas relacionadas con la comunicaci\u00f3n (Ej. Comunicaci\u00f3n y Stress, Comunicaci\u00f3n en juicios, Comunicaci\u00f3n con los medios de comunicaci\u00f3n y un largu\u00edsimo etc. de \u00e1reas relacionadas con la comunicaci\u00f3n)<\/span><\/p>\n<p><span style=\"font-family: georgia, palatino, serif;\">Contacto: xescavidal@gmail.com<\/span><\/p>\n<p><span style=\"font-family: georgia, palatino, serif;\">tel\u00e9fono: 629328755<\/span><\/p>\t\t\t\t\t\t<\/div>\n\t\t\t\t<\/div>\n\t\t\t\t\t<\/div>\n\t\t<\/div>\n\t\t\t\t\t\t\t<\/div>\n\t\t<\/section>\n\t\t\t\t\t\t\t<\/div>\n\t\t","protected":false},"excerpt":{"rendered":"<p>&nbsp;CURSOS NOVIEMBRE 2021 INDIVIDUALES y GRUPALES&nbsp; CU\u00c1NDO SE REALIZAN LOS CURSOS D\u00edas 3 y 4, mi\u00e9rcoles y jueves. De 16 a 20 h. COMPLETO D\u00edas 9 y 10, martes y mi\u00e9rcoles. COMPLETO D\u00edas 11 y 12, jueves y viernes. De 16 a 20 h. COMPLETO D\u00edas 17 y 19, mi\u00e9rcoles y viernes. De 16 a [&hellip;]<\/p>\n","protected":false},"author":1,"featured_media":0,"parent":0,"menu_order":0,"comment_status":"open","ping_status":"open","template":"","meta":[],"aioseo_notices":[],"_links":{"self":[{"href":"http:\/\/www.xescavidal.com\/blog\/wp-json\/wp\/v2\/pages\/58"}],"collection":[{"href":"http:\/\/www.xescavidal.com\/blog\/wp-json\/wp\/v2\/pages"}],"about":[{"href":"http:\/\/www.xescavidal.com\/blog\/wp-json\/wp\/v2\/types\/page"}],"author":[{"embeddable":true,"href":"http:\/\/www.xescavidal.com\/blog\/wp-json\/wp\/v2\/users\/1"}],"replies":[{"embeddable":true,"href":"http:\/\/www.xescavidal.com\/blog\/wp-json\/wp\/v2\/comments?post=58"}],"version-history":[{"count":48,"href":"http:\/\/www.xescavidal.com\/blog\/wp-json\/wp\/v2\/pages\/58\/revisions"}],"predecessor-version":[{"id":626,"href":"http:\/\/www.xescavidal.com\/blog\/wp-json\/wp\/v2\/pages\/58\/revisions\/626"}],"wp:attachment":[{"href":"http:\/\/www.xescavidal.com\/blog\/wp-json\/wp\/v2\/media?parent=58"}],"curies":[{"name":"wp","href":"https:\/\/api.w.org\/{rel}","templated":true}]}}